{"id":250,"date":"2021-03-29T14:23:21","date_gmt":"2021-03-29T11:23:21","guid":{"rendered":"https:\/\/www.joonasmlkv.fi\/?page_id=250"},"modified":"2021-08-26T16:33:11","modified_gmt":"2021-08-26T13:33:11","slug":"blog","status":"publish","type":"page","link":"https:\/\/www.joonasmlkv.fi\/index.php\/blog\/","title":{"rendered":"Blog"},"content":{"rendered":"\t\t<div data-elementor-type=\"wp-page\" data-elementor-id=\"250\" class=\"elementor elementor-250\">\n\t\t\t\t\t\t<section class=\"elementor-section elementor-top-section elementor-element elementor-element-1fef21c elementor-section-boxed elementor-section-height-default elementor-section-height-default\" data-id=\"1fef21c\" data-element_type=\"section\">\n\t\t\t\t\t\t<div class=\"elementor-container elementor-column-gap-default\">\n\t\t\t\t\t<div class=\"elementor-column elementor-col-100 elementor-top-column elementor-element elementor-element-505e017\" data-id=\"505e017\" data-element_type=\"column\">\n\t\t\t<div class=\"elementor-widget-wrap elementor-element-populated\">\n\t\t\t\t\t\t<div class=\"elementor-element elementor-element-9daa0df premium-blog-align-left elementor-widget elementor-widget-premium-addon-blog\" data-id=\"9daa0df\" data-element_type=\"widget\" data-settings=\"{&quot;premium_blog_grid&quot;:&quot;yes&quot;,&quot;premium_blog_layout&quot;:&quot;even&quot;,&quot;premium_blog_columns_number&quot;:&quot;50%&quot;,&quot;premium_blog_columns_number_tablet&quot;:&quot;50%&quot;,&quot;premium_blog_columns_number_mobile&quot;:&quot;100%&quot;}\" data-widget_type=\"premium-addon-blog.default\">\n\t\t\t\t<div class=\"elementor-widget-container\">\n\t\t\t\t\t\n\t\t\n\n\t\t\t\t<div class=\"premium-blog-wrap  premium-blog-even\" data-page=\"250\">\n\t\t\t\t\t\t\t\t\t<div class=\"premium-blog-post-outer-container\" data-total=\"2\">\r\n\t\t\t<div class=\"premium-blog-post-container premium-blog-skin-classic\">\r\n\t\t\t\t\t\t\t\t\t<div class=\"premium-blog-thumb-effect-wrapper\">\r\n\t\t\t\t\t\t<div class=\"premium-blog-thumbnail-container premium-blog-zoomin-effect\">\r\n\t\t\t\t\t\t\t<img fetchpriority=\"high\" decoding=\"async\" width=\"995\" height=\"1025\" src=\"https:\/\/www.joonasmlkv.fi\/wp-content\/uploads\/2024\/04\/AsunnonnKauppakirja.png\" class=\"attachment-full size-full wp-image-668\" alt=\"\" srcset=\"https:\/\/www.joonasmlkv.fi\/wp-content\/uploads\/2024\/04\/AsunnonnKauppakirja.png 995w, https:\/\/www.joonasmlkv.fi\/wp-content\/uploads\/2024\/04\/AsunnonnKauppakirja-291x300.png 291w, https:\/\/www.joonasmlkv.fi\/wp-content\/uploads\/2024\/04\/AsunnonnKauppakirja-768x791.png 768w\" sizes=\"(max-width: 995px) 100vw, 995px\" \/>\t\t\t\t\t\t<\/div>\r\n\t\t\t\t\t\t\t\t\t\t\t\t\t<div class=\"premium-blog-thumbnail-overlay\">\r\n\t\t\t\t\t\t\t\t<a class=\"elementor-icon\" href=\"https:\/\/www.joonasmlkv.fi\/index.php\/2024\/04\/25\/asunnon-kauppakirja\/\" target=\"_blank\"><\/a>\r\n\t\t\t\t\t\t\t<\/div>\r\n\r\n\t\t\t\t\t\t\t\t\t\t\t\t\t\t\t\t\t\t<\/div>\r\n\t\t\t\t\t\t\t\t\t\t\t\t<div class=\"premium-blog-content-wrapper \">\r\n\r\n\t\t\t\t\t<div class=\"premium-blog-inner-container\">\r\n\r\n\t\t\t\t\t\t\t\t\t\t\t\t\t\t<h2 class=\"premium-blog-entry-title\">\r\n\t\t\t<a href=\"https:\/\/www.joonasmlkv.fi\/index.php\/2024\/04\/25\/asunnon-kauppakirja\/\" target=\"_blank\">\r\n\t\t\t\tAsunnon kauppakirja\t\t\t<\/a>\r\n\t\t<\/h2>\r\n\t\t\t\t<div class=\"premium-blog-entry-meta\">\r\n\t\t\t\r\n\t\t\t\t\t\t\t<span class=\"premium-blog-meta-separator\">\u2022<\/span>\r\n\t\t\t\t<div class=\"premium-blog-post-time premium-blog-meta-data\">\r\n\t\t\t\t\t<i class=\"fa fa-calendar-alt\" aria-hidden=\"true\"><\/i>\r\n\t\t\t\t\t<span>25\/04\/2024<\/span>\r\n\t\t\t\t<\/div>\r\n\t\t\t\r\n\t\t\t\r\n\t\t\t\t\t<\/div>\r\n\t\t\r\n\t\t\t\t\t<\/div>\r\n\r\n\t\t\t\t\t\t\t<div class=\"premium-blog-content-inner-wrapper\">\r\n\t\t<p class=\"premium-blog-post-content\">Asunnon kauppakirjan laatiminen on t\u00e4rke\u00e4 vaihe asuntokaupassa. T\u00e4ss\u00e4 on yleinen ohje siit\u00e4, miten voit tehd\u00e4 asunnon kauppakirjan: Voit etsi\u00e4 valmiita kauppakirjamalleja verkosta. Useat sivustot tarjoavat ilmaisia kauppakirjapohjia, joita voit k\u00e4ytt\u00e4\u00e4. \u2026<\/p>\t\t<\/div>\r\n\t\t\t\t\t\t\t\r\n\t\t\t\t<\/div>\r\n\t\t\t<\/div>\r\n\t\t<\/div>\r\n\r\n\t\t\t\t<div class=\"premium-blog-post-outer-container\" data-total=\"2\">\r\n\t\t\t<div class=\"premium-blog-post-container premium-blog-skin-classic\">\r\n\t\t\t\t\t\t\t\t\t\t\t\t<div class=\"premium-blog-content-wrapper empty-thumb\">\r\n\r\n\t\t\t\t\t<div class=\"premium-blog-inner-container\">\r\n\r\n\t\t\t\t\t\t\t\t\t\t\t\t\t\t<h2 class=\"premium-blog-entry-title\">\r\n\t\t\t<a href=\"https:\/\/www.joonasmlkv.fi\/index.php\/2024\/02\/19\/kaupanvahvistajan-rooli-kiinteistokaupassa\/\" target=\"_blank\">\r\n\t\t\t\tKaupanvahvistajan rooli kiinteist\u00f6kaupassa\t\t\t<\/a>\r\n\t\t<\/h2>\r\n\t\t\t\t<div class=\"premium-blog-entry-meta\">\r\n\t\t\t\r\n\t\t\t\t\t\t\t<span class=\"premium-blog-meta-separator\">\u2022<\/span>\r\n\t\t\t\t<div class=\"premium-blog-post-time premium-blog-meta-data\">\r\n\t\t\t\t\t<i class=\"fa fa-calendar-alt\" aria-hidden=\"true\"><\/i>\r\n\t\t\t\t\t<span>19\/02\/2024<\/span>\r\n\t\t\t\t<\/div>\r\n\t\t\t\r\n\t\t\t\r\n\t\t\t\t\t<\/div>\r\n\t\t\r\n\t\t\t\t\t<\/div>\r\n\r\n\t\t\t\t\t\t\t<div class=\"premium-blog-content-inner-wrapper\">\r\n\t\t<p class=\"premium-blog-post-content\">Toimin Joensuussa, Kontiolahdella ja l\u00e4hialueella maanmittauslaitoksen m\u00e4\u00e4r\u00e4\u00e4m\u00e4n\u00e4 kaupanvahvistajana. Minulta voi pyyt\u00e4\u00e4 apua kaupanvahvistukseen joustavalla aikataululla. Kiinteist\u00f6nv\u00e4litt\u00e4j\u00e4 kaupanvahvistajana on j\u00e4rkev\u00e4 valinta, kun halutaan sopia kaikille osapuolille sujuvat kaupat. Minulla on kokemusta \u2026<\/p>\t\t<\/div>\r\n\t\t\t\t\t\t\t\r\n\t\t\t\t<\/div>\r\n\t\t\t<\/div>\r\n\t\t<\/div>\r\n\r\n\t\t\t\t<div class=\"premium-blog-post-outer-container\" data-total=\"2\">\r\n\t\t\t<div class=\"premium-blog-post-container premium-blog-skin-classic\">\r\n\t\t\t\t\t\t\t\t\t<div class=\"premium-blog-thumb-effect-wrapper\">\r\n\t\t\t\t\t\t<div class=\"premium-blog-thumbnail-container premium-blog-zoomin-effect\">\r\n\t\t\t\t\t\t\t<img decoding=\"async\" width=\"1600\" height=\"1600\" src=\"https:\/\/www.joonasmlkv.fi\/wp-content\/uploads\/2021\/08\/KIINTEISTONVALITTAJA-LKV-JOENSUU-KAUPAVANVAHVISTAJA.jpg\" class=\"attachment-full size-full wp-image-472\" alt=\"Joonas M\u00e4ki-Kokkila\" srcset=\"https:\/\/www.joonasmlkv.fi\/wp-content\/uploads\/2021\/08\/KIINTEISTONVALITTAJA-LKV-JOENSUU-KAUPAVANVAHVISTAJA.jpg 1600w, https:\/\/www.joonasmlkv.fi\/wp-content\/uploads\/2021\/08\/KIINTEISTONVALITTAJA-LKV-JOENSUU-KAUPAVANVAHVISTAJA-300x300.jpg 300w, https:\/\/www.joonasmlkv.fi\/wp-content\/uploads\/2021\/08\/KIINTEISTONVALITTAJA-LKV-JOENSUU-KAUPAVANVAHVISTAJA-1024x1024.jpg 1024w, https:\/\/www.joonasmlkv.fi\/wp-content\/uploads\/2021\/08\/KIINTEISTONVALITTAJA-LKV-JOENSUU-KAUPAVANVAHVISTAJA-150x150.jpg 150w, https:\/\/www.joonasmlkv.fi\/wp-content\/uploads\/2021\/08\/KIINTEISTONVALITTAJA-LKV-JOENSUU-KAUPAVANVAHVISTAJA-768x768.jpg 768w, https:\/\/www.joonasmlkv.fi\/wp-content\/uploads\/2021\/08\/KIINTEISTONVALITTAJA-LKV-JOENSUU-KAUPAVANVAHVISTAJA-1536x1536.jpg 1536w\" sizes=\"(max-width: 1600px) 100vw, 1600px\" \/>\t\t\t\t\t\t<\/div>\r\n\t\t\t\t\t\t\t\t\t\t\t\t\t<div class=\"premium-blog-thumbnail-overlay\">\r\n\t\t\t\t\t\t\t\t<a class=\"elementor-icon\" href=\"https:\/\/www.joonasmlkv.fi\/index.php\/2021\/08\/26\/joensuuta-kohti\/\" target=\"_blank\"><\/a>\r\n\t\t\t\t\t\t\t<\/div>\r\n\r\n\t\t\t\t\t\t\t\t\t\t\t\t\t\t\t\t\t\t<\/div>\r\n\t\t\t\t\t\t\t\t\t\t\t\t<div class=\"premium-blog-content-wrapper \">\r\n\r\n\t\t\t\t\t<div class=\"premium-blog-inner-container\">\r\n\r\n\t\t\t\t\t\t\t\t\t\t\t\t\t\t<h2 class=\"premium-blog-entry-title\">\r\n\t\t\t<a href=\"https:\/\/www.joonasmlkv.fi\/index.php\/2021\/08\/26\/joensuuta-kohti\/\" target=\"_blank\">\r\n\t\t\t\tJoensuuta kohti!\t\t\t<\/a>\r\n\t\t<\/h2>\r\n\t\t\t\t<div class=\"premium-blog-entry-meta\">\r\n\t\t\t\r\n\t\t\t\t\t\t\t<span class=\"premium-blog-meta-separator\">\u2022<\/span>\r\n\t\t\t\t<div class=\"premium-blog-post-time premium-blog-meta-data\">\r\n\t\t\t\t\t<i class=\"fa fa-calendar-alt\" aria-hidden=\"true\"><\/i>\r\n\t\t\t\t\t<span>26\/08\/2021<\/span>\r\n\t\t\t\t<\/div>\r\n\t\t\t\r\n\t\t\t\r\n\t\t\t\t\t<\/div>\r\n\t\t\r\n\t\t\t\t\t<\/div>\r\n\r\n\t\t\t\t\t\t\t<div class=\"premium-blog-content-inner-wrapper\">\r\n\t\t<p class=\"premium-blog-post-content\">Kes\u00e4lomat on vietetty kalastuksen ja er\u00e4ilyn parissa. On aika palata ty\u00f6n \u00e4\u00e4relle Joensuun alueelle. Vuonna 2017 aloitin kiinteist\u00f6nv\u00e4litysalalla ty\u00f6t Joensuussa ja on aika palata takaisin &#8221;kotikonnuille&#8221; jatkamaan toimintaa. T\u00e4h\u00e4n v\u00e4liin \u2026<\/p>\t\t<\/div>\r\n\t\t\t\t\t\t\t\r\n\t\t\t\t<\/div>\r\n\t\t\t<\/div>\r\n\t\t<\/div>\r\n\r\n\t\t\t\t<div class=\"premium-blog-post-outer-container\" data-total=\"2\">\r\n\t\t\t<div class=\"premium-blog-post-container premium-blog-skin-classic\">\r\n\t\t\t\t\t\t\t\t\t<div class=\"premium-blog-thumb-effect-wrapper\">\r\n\t\t\t\t\t\t<div class=\"premium-blog-thumbnail-container premium-blog-zoomin-effect\">\r\n\t\t\t\t\t\t\t<img decoding=\"async\" width=\"1600\" height=\"1200\" src=\"https:\/\/www.joonasmlkv.fi\/wp-content\/uploads\/2021\/04\/d494f20f99a2ad097ccee7bf839ef2034a963cda.jpg\" class=\"attachment-full size-full wp-image-276\" alt=\"\" srcset=\"https:\/\/www.joonasmlkv.fi\/wp-content\/uploads\/2021\/04\/d494f20f99a2ad097ccee7bf839ef2034a963cda.jpg 1600w, https:\/\/www.joonasmlkv.fi\/wp-content\/uploads\/2021\/04\/d494f20f99a2ad097ccee7bf839ef2034a963cda-300x225.jpg 300w, https:\/\/www.joonasmlkv.fi\/wp-content\/uploads\/2021\/04\/d494f20f99a2ad097ccee7bf839ef2034a963cda-1024x768.jpg 1024w, https:\/\/www.joonasmlkv.fi\/wp-content\/uploads\/2021\/04\/d494f20f99a2ad097ccee7bf839ef2034a963cda-768x576.jpg 768w, https:\/\/www.joonasmlkv.fi\/wp-content\/uploads\/2021\/04\/d494f20f99a2ad097ccee7bf839ef2034a963cda-1536x1152.jpg 1536w\" sizes=\"(max-width: 1600px) 100vw, 1600px\" \/>\t\t\t\t\t\t<\/div>\r\n\t\t\t\t\t\t\t\t\t\t\t\t\t<div class=\"premium-blog-thumbnail-overlay\">\r\n\t\t\t\t\t\t\t\t<a class=\"elementor-icon\" href=\"https:\/\/www.joonasmlkv.fi\/index.php\/2021\/05\/07\/huippukuvilla-huippusuorituksiin\/\" target=\"_blank\"><\/a>\r\n\t\t\t\t\t\t\t<\/div>\r\n\r\n\t\t\t\t\t\t\t\t\t\t\t\t\t\t\t\t\t\t<\/div>\r\n\t\t\t\t\t\t\t\t\t\t\t\t<div class=\"premium-blog-content-wrapper \">\r\n\r\n\t\t\t\t\t<div class=\"premium-blog-inner-container\">\r\n\r\n\t\t\t\t\t\t\t\t\t\t\t\t\t\t<h2 class=\"premium-blog-entry-title\">\r\n\t\t\t<a href=\"https:\/\/www.joonasmlkv.fi\/index.php\/2021\/05\/07\/huippukuvilla-huippusuorituksiin\/\" target=\"_blank\">\r\n\t\t\t\tHuippukuvilla huippusuorituksiin!\t\t\t<\/a>\r\n\t\t<\/h2>\r\n\t\t\t\t<div class=\"premium-blog-entry-meta\">\r\n\t\t\t\r\n\t\t\t\t\t\t\t<span class=\"premium-blog-meta-separator\">\u2022<\/span>\r\n\t\t\t\t<div class=\"premium-blog-post-time premium-blog-meta-data\">\r\n\t\t\t\t\t<i class=\"fa fa-calendar-alt\" aria-hidden=\"true\"><\/i>\r\n\t\t\t\t\t<span>07\/05\/2021<\/span>\r\n\t\t\t\t<\/div>\r\n\t\t\t\r\n\t\t\t\r\n\t\t\t\t\t<\/div>\r\n\t\t\r\n\t\t\t\t\t<\/div>\r\n\r\n\t\t\t\t\t\t\t<div class=\"premium-blog-content-inner-wrapper\">\r\n\t\t<p class=\"premium-blog-post-content\">Markkinoinnin merkityst\u00e4 kiinteist\u00f6nv\u00e4lityksess\u00e4 ei tule v\u00e4heksy\u00e4. Alalla toimii paljon v\u00e4litt\u00e4ji\u00e4 ja markkinointitavat ovat jokaisella erilaiset. Suuri osa panostaa ammattivalokuvaukseen ja pienempi osa v\u00e4litt\u00e4jist\u00e4 kuvaa kohteensa itse. On selv\u00e4\u00e4, ett\u00e4 kuvilla \u2026<\/p>\t\t<\/div>\r\n\t\t\t\t\t\t\t\r\n\t\t\t\t<\/div>\r\n\t\t\t<\/div>\r\n\t\t<\/div>\r\n\r\n\t\t\t\t\t\t\t<\/div>\n\n\t\t\n\t\t\n\t\t\t\t\t\t<\/div>\n\t\t\t\t<\/div>\n\t\t\t\t\t<\/div>\n\t\t<\/div>\n\t\t\t\t\t<\/div>\n\t\t<\/section>\n\t\t\t\t<\/div>\n\t\t","protected":false},"excerpt":{"rendered":"<p>Joensuuta kohti! \u2022 26\/08\/2021 Kes\u00e4lomat on vietetty kalastuksen ja er\u00e4ilyn parissa. On aika palata ty\u00f6n \u00e4\u00e4relle Joensuun alueelle. Vuonna 2017 aloitin kiinteist\u00f6nv\u00e4litysalalla ty\u00f6t Joensuussa ja on aika palata takaisin &#8221;kotikonnuille&#8221; jatkamaan toimintaa. T\u00e4h\u00e4n v\u00e4liin \u2026 Huippukuvilla huippusuorituksiin! \u2022 07\/05\/2021 Markkinoinnin merkityst\u00e4 kiinteist\u00f6nv\u00e4lityksess\u00e4 ei tule v\u00e4heksy\u00e4. Alalla toimii paljon v\u00e4litt\u00e4ji\u00e4 ja markkinointitavat ovat jokaisella erilaiset. Suuri [&hellip;]<\/p>\n","protected":false},"author":1,"featured_media":0,"parent":0,"menu_order":0,"comment_status":"closed","ping_status":"closed","template":"","meta":{"site-sidebar-layout":"no-sidebar","site-content-layout":"page-builder","ast-site-content-layout":"default","site-content-style":"default","site-sidebar-style":"default","ast-global-header-display":"","ast-banner-title-visibility":"","ast-main-header-display":"","ast-hfb-above-header-display":"","ast-hfb-below-header-display":"","ast-hfb-mobile-header-display":"","site-post-title":"disabled","ast-breadcrumbs-content":"","ast-featured-img":"disabled","footer-sml-layout":"","theme-transparent-header-meta":"default","adv-header-id-meta":"","stick-header-meta":"","header-above-stick-meta":"","header-main-stick-meta":"","header-below-stick-meta":"","astra-migrate-meta-layouts":"default","ast-page-background-enabled":"default","ast-page-background-meta":{"desktop":{"background-color":"var(--ast-global-color-4)","background-image":"","background-repeat":"repeat","background-position":"center center","background-size":"auto","background-attachment":"scroll","background-type":"","background-media":"","overlay-type":"","overlay-color":"","overlay-opacity":"","overlay-gradient":""},"tablet":{"background-color":"","background-image":"","background-repeat":"repeat","background-position":"center center","background-size":"auto","background-attachment":"scroll","background-type":"","background-media":"","overlay-type":"","overlay-color":"","overlay-opacity":"","overlay-gradient":""},"mobile":{"background-color":"","background-image":"","background-repeat":"repeat","background-position":"center center","background-size":"auto","background-attachment":"scroll","background-type":"","background-media":"","overlay-type":"","overlay-color":"","overlay-opacity":"","overlay-gradient":""}},"ast-content-background-meta":{"desktop":{"background-color":"var(--ast-global-color-5)","background-image":"","background-repeat":"repeat","background-position":"center center","background-size":"auto","background-attachment":"scroll","background-type":"","background-media":"","overlay-type":"","overlay-color":"","overlay-opacity":"","overlay-gradient":""},"tablet":{"background-color":"var(--ast-global-color-5)","background-image":"","background-repeat":"repeat","background-position":"center center","background-size":"auto","background-attachment":"scroll","background-type":"","background-media":"","overlay-type":"","overlay-color":"","overlay-opacity":"","overlay-gradient":""},"mobile":{"background-color":"var(--ast-global-color-5)","background-image":"","background-repeat":"repeat","background-position":"center center","background-size":"auto","background-attachment":"scroll","background-type":"","background-media":"","overlay-type":"","overlay-color":"","overlay-opacity":"","overlay-gradient":""}},"footnotes":""},"yoast_head":"<!-- This site is optimized with the Yoast SEO plugin v21.9.1 - https:\/\/yoast.com\/wordpress\/plugins\/seo\/ -->\n<title>Blog - Joonas M&auml;ki-Kokkila LKV<\/title>\n<meta name=\"robots\" content=\"index, follow, max-snippet:-1, max-image-preview:large, max-video-preview:-1\" \/>\n<link rel=\"canonical\" href=\"https:\/\/www.joonasmlkv.fi\/index.php\/blog\/\" \/>\n<meta property=\"og:locale\" content=\"fi_FI\" \/>\n<meta property=\"og:type\" content=\"article\" \/>\n<meta property=\"og:title\" content=\"Blog - Joonas M&auml;ki-Kokkila LKV\" \/>\n<meta property=\"og:description\" content=\"Joensuuta kohti! \u2022 26\/08\/2021 Kes\u00e4lomat on vietetty kalastuksen ja er\u00e4ilyn parissa. On aika palata ty\u00f6n \u00e4\u00e4relle Joensuun alueelle. Vuonna 2017 aloitin kiinteist\u00f6nv\u00e4litysalalla ty\u00f6t Joensuussa ja on aika palata takaisin &#8221;kotikonnuille&#8221; jatkamaan toimintaa. T\u00e4h\u00e4n v\u00e4liin \u2026 Huippukuvilla huippusuorituksiin! \u2022 07\/05\/2021 Markkinoinnin merkityst\u00e4 kiinteist\u00f6nv\u00e4lityksess\u00e4 ei tule v\u00e4heksy\u00e4. Alalla toimii paljon v\u00e4litt\u00e4ji\u00e4 ja markkinointitavat ovat jokaisella erilaiset. Suuri [&hellip;]\" \/>\n<meta property=\"og:url\" content=\"https:\/\/www.joonasmlkv.fi\/index.php\/blog\/\" \/>\n<meta property=\"og:site_name\" content=\"Joonas M&auml;ki-Kokkila LKV\" \/>\n<meta property=\"article:publisher\" content=\"https:\/\/www.facebook.com\/joonasmlkv\/\" \/>\n<meta property=\"article:modified_time\" content=\"2021-08-26T13:33:11+00:00\" \/>\n<meta property=\"og:image\" content=\"https:\/\/www.joonasmlkv.fi\/wp-content\/uploads\/2021\/08\/KIINTEISTONVALITTAJA-LKV-JOENSUU-KAUPAVANVAHVISTAJA.jpg\" \/>\n<meta name=\"twitter:card\" content=\"summary_large_image\" \/>\n<meta name=\"twitter:label1\" content=\"Arvioitu lukuaika\" \/>\n\t<meta name=\"twitter:data1\" content=\"2 minuuttia\" \/>\n<script type=\"application\/ld+json\" class=\"yoast-schema-graph\">{\"@context\":\"https:\/\/schema.org\",\"@graph\":[{\"@type\":\"WebPage\",\"@id\":\"https:\/\/www.joonasmlkv.fi\/index.php\/blog\/\",\"url\":\"https:\/\/www.joonasmlkv.fi\/index.php\/blog\/\",\"name\":\"Blog - Joonas M&auml;ki-Kokkila LKV\",\"isPartOf\":{\"@id\":\"https:\/\/www.joonasmlkv.fi\/#website\"},\"datePublished\":\"2021-03-29T11:23:21+00:00\",\"dateModified\":\"2021-08-26T13:33:11+00:00\",\"breadcrumb\":{\"@id\":\"https:\/\/www.joonasmlkv.fi\/index.php\/blog\/#breadcrumb\"},\"inLanguage\":\"fi\",\"potentialAction\":[{\"@type\":\"ReadAction\",\"target\":[\"https:\/\/www.joonasmlkv.fi\/index.php\/blog\/\"]}]},{\"@type\":\"BreadcrumbList\",\"@id\":\"https:\/\/www.joonasmlkv.fi\/index.php\/blog\/#breadcrumb\",\"itemListElement\":[{\"@type\":\"ListItem\",\"position\":1,\"name\":\"Home\",\"item\":\"https:\/\/www.joonasmlkv.fi\/\"},{\"@type\":\"ListItem\",\"position\":2,\"name\":\"Blog\"}]},{\"@type\":\"WebSite\",\"@id\":\"https:\/\/www.joonasmlkv.fi\/#website\",\"url\":\"https:\/\/www.joonasmlkv.fi\/\",\"name\":\"Joonas M\u00e4ki-Kokkila LKV Kaupanvahvistaja\",\"description\":\"Kiinteist&ouml;nv&auml;litt&auml;j&auml;, Kaupanvahvistaja alueellasi Joensuu, Kontiolahti ja Lieksa\",\"publisher\":{\"@id\":\"https:\/\/www.joonasmlkv.fi\/#organization\"},\"potentialAction\":[{\"@type\":\"SearchAction\",\"target\":{\"@type\":\"EntryPoint\",\"urlTemplate\":\"https:\/\/www.joonasmlkv.fi\/?s={search_term_string}\"},\"query-input\":\"required name=search_term_string\"}],\"inLanguage\":\"fi\"},{\"@type\":\"Organization\",\"@id\":\"https:\/\/www.joonasmlkv.fi\/#organization\",\"name\":\"Joonas M\u00e4ki-Kokkila LKV\",\"url\":\"https:\/\/www.joonasmlkv.fi\/\",\"logo\":{\"@type\":\"ImageObject\",\"inLanguage\":\"fi\",\"@id\":\"https:\/\/www.joonasmlkv.fi\/#\/schema\/logo\/image\/\",\"url\":\"https:\/\/www.joonasmlkv.fi\/wp-content\/uploads\/2021\/03\/joonaslkvmusta-somen-kanssa.png\",\"contentUrl\":\"https:\/\/www.joonasmlkv.fi\/wp-content\/uploads\/2021\/03\/joonaslkvmusta-somen-kanssa.png\",\"width\":4500,\"height\":2204,\"caption\":\"Joonas M\u00e4ki-Kokkila LKV\"},\"image\":{\"@id\":\"https:\/\/www.joonasmlkv.fi\/#\/schema\/logo\/image\/\"},\"sameAs\":[\"https:\/\/www.facebook.com\/joonasmlkv\/\",\"https:\/\/www.instagram.com\/joonasmlkv\/\",\"https:\/\/fi.linkedin.com\/in\/joonas-m\u00e4ki-kokkila-822917113\"]}]}<\/script>\n<!-- \/ Yoast SEO plugin. -->","yoast_head_json":{"title":"Blog - Joonas M&auml;ki-Kokkila LKV","robots":{"index":"index","follow":"follow","max-snippet":"max-snippet:-1","max-image-preview":"max-image-preview:large","max-video-preview":"max-video-preview:-1"},"canonical":"https:\/\/www.joonasmlkv.fi\/index.php\/blog\/","og_locale":"fi_FI","og_type":"article","og_title":"Blog - Joonas M&auml;ki-Kokkila LKV","og_description":"Joensuuta kohti! \u2022 26\/08\/2021 Kes\u00e4lomat on vietetty kalastuksen ja er\u00e4ilyn parissa. On aika palata ty\u00f6n \u00e4\u00e4relle Joensuun alueelle. Vuonna 2017 aloitin kiinteist\u00f6nv\u00e4litysalalla ty\u00f6t Joensuussa ja on aika palata takaisin &#8221;kotikonnuille&#8221; jatkamaan toimintaa. T\u00e4h\u00e4n v\u00e4liin \u2026 Huippukuvilla huippusuorituksiin! \u2022 07\/05\/2021 Markkinoinnin merkityst\u00e4 kiinteist\u00f6nv\u00e4lityksess\u00e4 ei tule v\u00e4heksy\u00e4. Alalla toimii paljon v\u00e4litt\u00e4ji\u00e4 ja markkinointitavat ovat jokaisella erilaiset. Suuri [&hellip;]","og_url":"https:\/\/www.joonasmlkv.fi\/index.php\/blog\/","og_site_name":"Joonas M&auml;ki-Kokkila LKV","article_publisher":"https:\/\/www.facebook.com\/joonasmlkv\/","article_modified_time":"2021-08-26T13:33:11+00:00","og_image":[{"url":"https:\/\/www.joonasmlkv.fi\/wp-content\/uploads\/2021\/08\/KIINTEISTONVALITTAJA-LKV-JOENSUU-KAUPAVANVAHVISTAJA.jpg"}],"twitter_card":"summary_large_image","twitter_misc":{"Arvioitu lukuaika":"2 minuuttia"},"schema":{"@context":"https:\/\/schema.org","@graph":[{"@type":"WebPage","@id":"https:\/\/www.joonasmlkv.fi\/index.php\/blog\/","url":"https:\/\/www.joonasmlkv.fi\/index.php\/blog\/","name":"Blog - Joonas M&auml;ki-Kokkila LKV","isPartOf":{"@id":"https:\/\/www.joonasmlkv.fi\/#website"},"datePublished":"2021-03-29T11:23:21+00:00","dateModified":"2021-08-26T13:33:11+00:00","breadcrumb":{"@id":"https:\/\/www.joonasmlkv.fi\/index.php\/blog\/#breadcrumb"},"inLanguage":"fi","potentialAction":[{"@type":"ReadAction","target":["https:\/\/www.joonasmlkv.fi\/index.php\/blog\/"]}]},{"@type":"BreadcrumbList","@id":"https:\/\/www.joonasmlkv.fi\/index.php\/blog\/#breadcrumb","itemListElement":[{"@type":"ListItem","position":1,"name":"Home","item":"https:\/\/www.joonasmlkv.fi\/"},{"@type":"ListItem","position":2,"name":"Blog"}]},{"@type":"WebSite","@id":"https:\/\/www.joonasmlkv.fi\/#website","url":"https:\/\/www.joonasmlkv.fi\/","name":"Joonas M\u00e4ki-Kokkila LKV Kaupanvahvistaja","description":"Kiinteist&ouml;nv&auml;litt&auml;j&auml;, Kaupanvahvistaja alueellasi Joensuu, Kontiolahti ja Lieksa","publisher":{"@id":"https:\/\/www.joonasmlkv.fi\/#organization"},"potentialAction":[{"@type":"SearchAction","target":{"@type":"EntryPoint","urlTemplate":"https:\/\/www.joonasmlkv.fi\/?s={search_term_string}"},"query-input":"required name=search_term_string"}],"inLanguage":"fi"},{"@type":"Organization","@id":"https:\/\/www.joonasmlkv.fi\/#organization","name":"Joonas M\u00e4ki-Kokkila LKV","url":"https:\/\/www.joonasmlkv.fi\/","logo":{"@type":"ImageObject","inLanguage":"fi","@id":"https:\/\/www.joonasmlkv.fi\/#\/schema\/logo\/image\/","url":"https:\/\/www.joonasmlkv.fi\/wp-content\/uploads\/2021\/03\/joonaslkvmusta-somen-kanssa.png","contentUrl":"https:\/\/www.joonasmlkv.fi\/wp-content\/uploads\/2021\/03\/joonaslkvmusta-somen-kanssa.png","width":4500,"height":2204,"caption":"Joonas M\u00e4ki-Kokkila LKV"},"image":{"@id":"https:\/\/www.joonasmlkv.fi\/#\/schema\/logo\/image\/"},"sameAs":["https:\/\/www.facebook.com\/joonasmlkv\/","https:\/\/www.instagram.com\/joonasmlkv\/","https:\/\/fi.linkedin.com\/in\/joonas-m\u00e4ki-kokkila-822917113"]}]}},"_links":{"self":[{"href":"https:\/\/www.joonasmlkv.fi\/index.php\/wp-json\/wp\/v2\/pages\/250"}],"collection":[{"href":"https:\/\/www.joonasmlkv.fi\/index.php\/wp-json\/wp\/v2\/pages"}],"about":[{"href":"https:\/\/www.joonasmlkv.fi\/index.php\/wp-json\/wp\/v2\/types\/page"}],"author":[{"embeddable":true,"href":"https:\/\/www.joonasmlkv.fi\/index.php\/wp-json\/wp\/v2\/users\/1"}],"replies":[{"embeddable":true,"href":"https:\/\/www.joonasmlkv.fi\/index.php\/wp-json\/wp\/v2\/comments?post=250"}],"version-history":[{"count":17,"href":"https:\/\/www.joonasmlkv.fi\/index.php\/wp-json\/wp\/v2\/pages\/250\/revisions"}],"predecessor-version":[{"id":526,"href":"https:\/\/www.joonasmlkv.fi\/index.php\/wp-json\/wp\/v2\/pages\/250\/revisions\/526"}],"wp:attachment":[{"href":"https:\/\/www.joonasmlkv.fi\/index.php\/wp-json\/wp\/v2\/media?parent=250"}],"curies":[{"name":"wp","href":"https:\/\/api.w.org\/{rel}","templated":true}]}}